{"id":230,"date":"2022-03-08T10:29:59","date_gmt":"2022-03-08T10:29:59","guid":{"rendered":"https:\/\/www.photonics.fi\/opd2022\/?page_id=230"},"modified":"2026-04-07T08:53:21","modified_gmt":"2026-04-07T08:53:21","slug":"program","status":"publish","type":"page","link":"https:\/\/www.photonics.fi\/opd2026\/program\/","title":{"rendered":"Program"},"content":{"rendered":"\n<p class=\"has-medium-font-size\">As a tradition, the OPD2026 program will include both the academy and&nbsp;industry&nbsp;sessions running in parallel.<\/p>\n\n\n\n<h2 class=\"wp-block-heading\"><strong>Venue (26 &#8211; 28 May 2026):<\/strong><\/h2>\n\n\n\n<p><\/p>\n\n\n\n<p class=\"has-medium-font-size\"><a href=\"https:\/\/www.paviljonki.fi\/en\/visitors\/\" target=\"_blank\" rel=\"noreferrer noopener\"><strong>Paviljonki<\/strong><\/a><br>Lutakonaukio 12, 40100 Jyv\u00e4skyl\u00e4<br>Check the location in\u00a0<a href=\"https:\/\/maps.app.goo.gl\/UZT22wpyVDTNHTSj8\" target=\"_blank\" rel=\"noreferrer noopener\">Google Maps<\/a><\/p>\n\n\n\n<h2 class=\"wp-block-heading\"><strong>Tuesday 26.5.202<\/strong>6<\/h2>\n\n\n\n<table id=\"tablepress-2\" class=\"tablepress tablepress-id-2 tablepress-responsive tablepress-responsive-stack-phone\">\n<tbody class=\"row-striping row-hover\">\n<tr class=\"row-1\">\n\t<td class=\"column-1\">10.00-12.00<\/td><td class=\"column-2\"><a href=\"https:\/\/www.photonics.fi\/opd2026\/a-satellite-meeting-quantitative-chemically-specific-imaging-for-material-and-life-sciences\/\" target=\"_blank\">Quantative Chemically-Specific Imaging for Materials and Life Sciences<\/a>, Event Hall, Paviljonki, 1st Floor<\/td>\n<\/tr>\n<tr class=\"row-2\">\n\t<td class=\"column-1\">12.00<\/td><td class=\"column-2\"><strong> OPD2026 Registration Opens <\/strong>, <\/a> <br \/>\n<\/a> Paviljonki 1st Floor lobby<\/td>\n<\/tr>\n<tr class=\"row-3\">\n\t<td class=\"column-1\">12.15-12.45<\/td><td class=\"column-2\">Nordic Photonics Coffee and Forum, Event Hall, Paviljonki, 1st Floor<\/td>\n<\/tr>\n<tr class=\"row-4\">\n\t<td class=\"column-1\">12.45-13.15<\/td><td class=\"column-2\">Coffee for Student Event attendees, Agenda Room, Paviljonki 3rd floor<\/td>\n<\/tr>\n<tr class=\"row-5\">\n\t<td class=\"column-1\">13.00-15.00<\/td><td class=\"column-2\"><a href=\"https:\/\/www.photonics.fi\/opd2026\/optics-and-photonics-journey-academia-or-industry-or-both\/\" target=\"_blank\">Student Event - Optics and Photonics journey: Academia or Industry, or both?<\/a>, <\/a> <br \/>\n<\/a> Agenda Room, Paviljonki 3rd floor<\/td>\n<\/tr>\n<tr class=\"row-6\">\n\t<td class=\"column-1\">13.00-14.30<\/td><td class=\"column-2\"><strong> Panel discussion <\/strong>, <\/a> <br \/>\n<\/a> Event Hall, Paviljonki 1st Floor<\/td>\n<\/tr>\n<tr class=\"row-7\">\n\t<td class=\"column-1\">14.30-15.00<\/td><td class=\"column-2\">Coffee for PREIN Annual Event attendees, Event Hall, Paviljonki 1st floor<\/td>\n<\/tr>\n<tr class=\"row-8\">\n\t<td class=\"column-1\">15.00-18.00<\/td><td class=\"column-2\"><a href=\"https:\/\/www.photonics.fi\/opd2026\/prein-annual-event-2\/\" target=\"_blank\">PREIN Annual Event<\/a>, <\/a> <\/a> Event Hall, Paviljonki, 1st Floor<\/td>\n<\/tr>\n<tr class=\"row-9\">\n\t<td class=\"column-1\">18.30-21.00<\/td><td class=\"column-2\">Get Together for OPD2026 attendees, Paviljonki Event Hall, Paviljonki 1st floor<\/td>\n<\/tr>\n<\/tbody>\n<\/table>\n<!-- #tablepress-2 from cache -->\n\n\n\n<p><\/p>\n\n\n\n<h2 class=\"wp-block-heading\"><strong>Wednesday&nbsp;<strong>27.5.202<\/strong>6&nbsp;&nbsp;<\/strong><\/h2>\n\n\n\n<table id=\"tablepress-3\" class=\"tablepress tablepress-id-3 tablepress-responsive tablepress-responsive-stack-phone\">\n<tbody class=\"row-striping row-hover\">\n<tr class=\"row-1\">\n\t<td class=\"column-1\">08.00-8.45\u00a0<\/td><td class=\"column-2\">Registration opens<\/td>\n<\/tr>\n<tr class=\"row-2\">\n\t<td class=\"column-1\">08.45-09.00\u00a0<\/td><td class=\"column-2\"><strong> Welcome Speech <\/strong> <br \/>\nTBA<\/td>\n<\/tr>\n<tr class=\"row-3\">\n\t<td class=\"column-1\">09.00-09.45\u00a0<\/td><td class=\"column-2\"><strong>Plenary:<\/strong> <a href=\"https:\/\/www.photonics.fi\/opd2026\/speakers\/\">Professor Ifor Samuel, University of St. Andrews, <\/a> <br \/>\n<\/a>\"Organic Semiconductor Optoelectronics: Communications, Medicine and Lasers\", <\/a><\/a> Event Hall, Paviljonki 1st floor<\/td>\n<\/tr>\n<tr class=\"row-4\">\n\t<td class=\"column-1\">09.45-10.10\u00a0<\/td><td class=\"column-2\">Exhibitor's pitch - Session 1, Event Hall, Paviljonki 1st floor<\/td>\n<\/tr>\n<tr class=\"row-5\">\n\t<td class=\"column-1\">10.10-10.40\u00a0<\/td><td class=\"column-2\">Coffee break and  <a href=\"https:\/\/www.photonics.fi\/opd2026\/exhibition\/\" target=\"_blank\">Exhibition<\/a> - Event Hall, Paviljonki 1st floor<\/td>\n<\/tr>\n<tr class=\"row-6\">\n\t<td class=\"column-1\"><\/td><td class=\"column-2\"><strong>Parallel sessions: <\/strong><\/td>\n<\/tr>\n<tr class=\"row-7\">\n\t<td class=\"column-1\">10.40-12.00\u00a0<\/td><td class=\"column-2\">Academic Session 1 - <a href=\"https:\/\/www.photonics.fi\/opd2026\/academic-program\/\">Sensing and Imaging, <\/a> Intro Auditorium, Paviljonki 2nd floor<br \/>\n<\/a><\/a> <br \/>\n<\/a> 10:40am \u2013 11:00am\tQuantum sensing and imaging in mid-IR by photon pair generation in double-resonant polariton system, Vladislav Shiskov, Aalto University<br \/>\n<\/a> <br \/>\n<\/a> 11:00am \u2013 11:20am\tMaterial analysis with time-resolved spectral mapping and luminescence imaging, Saara kaski, Aalto University<br \/>\n<\/a> <br \/>\n<\/a> 11:20am \u2013 11:40am\tIdentifying and Mitigating Instrumental Bias in Fiber-Optic Coherent Lidar for CO\u2082 Sensing, Nikita Kikilich, Tampere University<br \/>\n<\/a> <br \/>\n<\/a> 11:40am \u2013 12:00pm\tReconstructing multiple initial pressure and speed of sound distributions simultaneously in photoacoustic tomography, Miika Suhonen, University of Eastern Finland<br \/>\n<\/a> <\/td>\n<\/tr>\n<tr class=\"row-8\">\n\t<td class=\"column-1\"><\/td><td class=\"column-2\">Industrial session 1 - <a href=\"https:\/\/www.photonics.fi\/opd2026\/industrial-program\/\">PICs &amp; Quantum Photonics,<\/a> Chair Jyrki Saarinen, <br \/>\n<\/a><\/a> Tempo Auditorium, Paviljonki 2nd floor<\/td>\n<\/tr>\n<tr class=\"row-9\">\n\t<td class=\"column-1\">12.00-13.00\u00a0<\/td><td class=\"column-2\">Lunch break and  <a href=\"https:\/\/www.photonics.fi\/opd2026\/exhibition\/\" target=\"_blank\">Exhibition<\/a> - Event Hall, Paviljonki 1st floor<\/td>\n<\/tr>\n<tr class=\"row-10\">\n\t<td class=\"column-1\">13.00-14.00<\/td><td class=\"column-2\"><a href=\"https:\/\/www.photonics.fi\/opd2026\/poster-session-1-2\/\" target=\"_blank\">Poster Session 1<\/a> - Event Hall, Paviljonki 1st floor<\/td>\n<\/tr>\n<tr class=\"row-11\">\n\t<td class=\"column-1\">14.00-14.45\u00a0<\/td><td class=\"column-2\"><strong>Plenary:<\/strong> <a href=\"https:\/\/www.photonics.fi\/opd2026\/speakers\/\">Michael Peeters, Imec, <\/a> <br \/>\n<\/a>\"Is Penelope weaving our (compute) fabric?\" <br \/>\n<\/a><\/a> Event Hall, Paviljonki 1st floor<\/td>\n<\/tr>\n<tr class=\"row-12\">\n\t<td class=\"column-1\">14.45-15.15\u00a0<\/td><td class=\"column-2\">Exhibitor's pitch\u00a0- Session 2, Event Hall, Paviljonki 1st floor<\/td>\n<\/tr>\n<tr class=\"row-13\">\n\t<td class=\"column-1\">15.15-15.45\u00a0<\/td><td class=\"column-2\">Coffee break and  <a href=\"https:\/\/www.photonics.fi\/opd2026\/exhibition\/\" target=\"_blank\">Exhibition<\/a> - \"Event\" Hall, Paviljonki 1st floor<\/td>\n<\/tr>\n<tr class=\"row-14\">\n\t<td class=\"column-1\"><\/td><td class=\"column-2\"><strong>Parallel sessions: <\/strong><\/td>\n<\/tr>\n<tr class=\"row-15\">\n\t<td class=\"column-1\">15.45-17.05\u00a0<\/td><td class=\"column-2\">Academic Session 2 - <a href=\"https:\/\/www.photonics.fi\/opd2026\/academic-program\/\">Novel Photonic Devices, <\/a> Intro Auditorium, Paviljonki 2nd floor<br \/>\n<\/a><\/a> <br \/>\n<\/a> 3:45pm \u2013 4:05pm\tPolaritons as a Photonic Testbed for Advancing Organic Optoelectronics, Konstantinos Daskalakis, Turku University<br \/>\n<\/a> <br \/>\n<\/a> 4:05pm \u2013 4:25pm\tHigh Quality factor van der Waals microcavities for ultralow-loss nonlinear photonics, Jingnan Yang, Aalto University<br \/>\n<\/a> <br \/>\n<\/a> 4:25pm \u2013 4:45pm\tCross-Phase Modulation in Time-varying epsilon-near-zero metasurface, Rakesh Dhama, Tampere University<br \/>\n<\/a> <br \/>\n<\/a> 4:45pm \u2013 5:05pm\tThree-color vortex comb interferometer, Santeri Larnimaa, University of Helsinki<br \/>\n<\/a> <\/td>\n<\/tr>\n<tr class=\"row-16\">\n\t<td class=\"column-1\"><\/td><td class=\"column-2\">Industrial session 2 - <a href=\"https:\/\/www.photonics.fi\/opd2026\/industrial-program\/\">Optical Measurements &amp; AI for Industry, <\/a> Chair Juha Purmonen,   <a<\/a> Tempo Auditorium, Paviljonki 2nd floor<\/td>\n<\/tr>\n<tr class=\"row-17\">\n\t<td class=\"column-1\">17.05-17.40\u00a0<\/td><td class=\"column-2\">Photonics Finland Annual meeting - Event Hall, Paviljonki 1st floor<\/td>\n<\/tr>\n<tr class=\"row-18\">\n\t<td class=\"column-1\">17.05-17.40<\/td><td class=\"column-2\">UEF Alumni event - Tempo Auditorium, 2nd floor<\/td>\n<\/tr>\n<tr class=\"row-19\">\n\t<td class=\"column-1\">18.00-19.10<\/td><td class=\"column-2\">Boats to dinner leaves at 18.00 from Jyv\u00e4skyl\u00e4 harbour, satamakatu 8, 40100 Jyv\u00e4skyl\u00e4<\/td>\n<\/tr>\n<tr class=\"row-20\">\n\t<td class=\"column-1\">19.15-21.45<\/td><td class=\"column-2\">Conference dinner in Juurikkasaari, Juurikantie 5, 40900 S\u00e4yn\u00e4tsalo, Jyv\u00e4skyl\u00e4<br \/>\nPhotonics Finland Awards:<br \/>\n- The Photonics Company of the Year,<br \/>\n- The Best PhD Thesis of the Year, <\/td>\n<\/tr>\n<tr class=\"row-21\">\n\t<td class=\"column-1\">21.45 - 02.00<\/td><td class=\"column-2\">Dinner Afterparty and Networking at Juurikkasaari, <br \/>\n- Whipping Post band,<br \/>\n- \"Optical Jam Session\" (Jyv\u00e4skyl\u00e4 Special) with live karaoke and changing artists, Nan\u00f6band<\/td>\n<\/tr>\n<tr class=\"row-22\">\n\t<td class=\"column-1\">22.30 - 02.00<\/td><td class=\"column-2\">Busses leaving from Juurikkasaari and going to Jyv\u00e4skyl\u00e4 City Center \/ Matkakeskus (25min trip). Timetables TBA. <\/td>\n<\/tr>\n<\/tbody>\n<\/table>\n<!-- #tablepress-3 from cache -->\n\n\n\n<p>&nbsp;<\/p>\n\n\n\n<h2 class=\"wp-block-heading\"><strong>Thursday <strong>28.5.202<\/strong>6&nbsp;<\/strong><\/h2>\n\n\n\n<table id=\"tablepress-4\" class=\"tablepress tablepress-id-4 tablepress-responsive tablepress-responsive-stack-phone\">\n<tbody class=\"row-striping row-hover\">\n<tr class=\"row-1\">\n\t<td class=\"column-1\">09.15<\/td><td class=\"column-2\"><strong>OPD2026<\/strong> doors open<\/td>\n<\/tr>\n<tr class=\"row-2\">\n\t<td class=\"column-1\">09.15- 09.45<\/td><td class=\"column-2\">Coffee break and  <a href=\"https:\/\/www.photonics.fi\/opd2026\/exhibition\/\" target=\"_blank\">Exhibition<\/a> - Event Hall, Paviljonki 1st floor<\/td>\n<\/tr>\n<tr class=\"row-3\">\n\t<td class=\"column-1\">09.45-10.30\u00a0<\/td><td class=\"column-2\"><strong>Plenary:<\/strong> <a href=\"https:\/\/www.photonics.fi\/opd2026\/speakers\/\">Tapio Kallonen, CEO, Specim Spectral Imaging Oy<\/a><br>Event Hall, Paviljonki 1st floor<br \/>\n<\/td>\n<\/tr>\n<tr class=\"row-4\">\n\t<td class=\"column-1\"><\/td><td class=\"column-2\"><strong>Parallel sessions: <\/strong><\/td>\n<\/tr>\n<tr class=\"row-5\">\n\t<td class=\"column-1\">10.40-12.00\u00a0<\/td><td class=\"column-2\">Academic Session 3 - <a href=\"https:\/\/www.photonics.fi\/opd2026\/academic-program\/\">Materials and Processing, <\/a> Intro Auditorium, Paviljonki 2nd floor<br \/>\n<\/a><\/a> <br \/>\n<\/a> 10:40am \u2013 11:00am\tExcimer laser micro structuring setup using a micro mirror array as programmable mask, Sebastian Buettner, Laserinstitut Hochschule Mittweida (LHM)<br \/>\n<\/a> <br \/>\n<\/a> 11:00am \u2013 11:20am\tLive-Shaping of Hydrogel Thin Films with Light, Matias Paatelainen, Tampere University<br \/>\n<\/a> <br \/>\n<\/a> 11:20am \u2013 11:40am\tArea-selective ALD as dielectric for top-gated GFET, Maryam Naderpour, University of Jyv\u00e4skyl\u00e4<br \/>\n<\/a> <br \/>\n<\/a> 11:40am \u2013 12:00pm\tTowards multimodal sensing with single-crystal diamond needles, Elena Filonenko, University of Eastern Finland<br \/>\n<\/a> <\/td>\n<\/tr>\n<tr class=\"row-6\">\n\t<td class=\"column-1\"><\/td><td class=\"column-2\">Industrial session 3 - <a href=\"https:\/\/www.photonics.fi\/opd2026\/industrial-program\/\">Photonics in Augmented Reality,<\/a> Chair Birgit P\u00e4iv\u00e4nranta, <br \/>\n<a<\/a> Tempo Auditorium, Paviljonki 2nd floor<\/td>\n<\/tr>\n<tr class=\"row-7\">\n\t<td class=\"column-1\">12.00-13.00<\/td><td class=\"column-2\">Lunch\u00a0break - Event Hall, Paviljonki 1st floor<\/td>\n<\/tr>\n<tr class=\"row-8\">\n\t<td class=\"column-1\">12.00-15.00\u00a0<\/td><td class=\"column-2\"><a>Job Fair<\/a>, <a>EEN Matchmaking<\/a> and <a href=\"https:\/\/www.photonics.fi\/opd2026\/exhibition\/\"target=\"_blank\">Exhibition<\/a> - Event Hall, Paviljonki 1st floor<br \/>\n<\/td>\n<\/tr>\n<tr class=\"row-9\">\n\t<td class=\"column-1\">13.00-14.00<\/td><td class=\"column-2\"><a href=\"https:\/\/www.photonics.fi\/opd2026\/poster-session-2-2\/\" target=\"_blank\">Poster Session 2<\/a> - Event Hall, Paviljonki 1st floor<br \/>\n<\/td>\n<\/tr>\n<tr class=\"row-10\">\n\t<td class=\"column-1\">14.00-14.45<\/td><td class=\"column-2\"><strong>Plenary:<\/strong> <a href=\"https:\/\/www.photonics.fi\/opd2026\/speakers\/\">Prof. Dr. Lukas Novotny, ETH Z\u00fcrich, <\/a><br \/>\n\"Levitated Optomechanics\",<br \/>\nEvent Hall, Paviljonki 1st floor<\/td>\n<\/tr>\n<tr class=\"row-11\">\n\t<td class=\"column-1\"><\/td><td class=\"column-2\"><strong>Parallel sessions: <\/strong><\/td>\n<\/tr>\n<tr class=\"row-12\">\n\t<td class=\"column-1\">14.45-16.05<\/td><td class=\"column-2\">Academic Session 4 - <a href=\"https:\/\/www.photonics.fi\/opd2026\/academic-program\/\">Fundamental photonics, <\/a> Intro Auditorium, Paviljonki 2nd floor<br \/>\n<\/a><\/a> <br \/>\n<\/a> 2:45pm \u2013 3:05pm\tNonlinear photonics with anapoles and bound states in the continuum in III-V nanostructures, Radoslaw Kolkowski, Aalto University<br \/>\n<\/a> <br \/>\n<\/a> 3:05pm \u2013 3:25pm\tBeyond Polariton Filtering: New Pathways for Polariton-Mediated Excitation, Ville Tiainen, University of Jyv\u00e4skyl\u00e4<br \/>\n<\/a> <br \/>\n<\/a> 3:25pm \u2013 3:45pm\tLight emission from a dipole in a lossy and graded-index surrounding, Farzaneh Adibzadeh, \u00c5bo Akademi<br \/>\n<\/a> <br \/>\n<\/a> 3:45pm \u2013 4:05pm\tFlat Bands from Diffraction in Periodic Systems, Joel Lehikoinen, Aalto University<br \/>\n<\/a> <\/td>\n<\/tr>\n<tr class=\"row-13\">\n\t<td class=\"column-1\"><\/td><td class=\"column-2\">Industrial session 4 - <a href=\"https:\/\/www.photonics.fi\/opd2026\/industrial-program\/\"> Photonics for Dual-Use Applications,<\/a> Chair Timo Vuorenp\u00e4\u00e4, <a<\/a><br \/>\nTempo Auditorium, Paviljonki 2nd floor<\/td>\n<\/tr>\n<tr class=\"row-14\">\n\t<td class=\"column-1\">16.05-16.15<\/td><td class=\"column-2\">Best Poster Awards &amp; Conference Farewell - Event Hall, Paviljonki 1st floor<\/td>\n<\/tr>\n<tr class=\"row-15\">\n\t<td class=\"column-1\">16.15 - 16.30<\/td><td class=\"column-2\">Farewell coffee - Event Hall, Paviljonki 1st floor<\/td>\n<\/tr>\n<\/tbody>\n<\/table>\n<!-- #tablepress-4 from cache -->\n\n\n\n<div style=\"height:46px\" aria-hidden=\"true\" class=\"wp-block-spacer\"><\/div>\n\n\n\n<p><br>OPD2026 organizer, Photonics Finland reserves the right to modify the program without prior notice.<br><\/p>\n\n\n\n<hr class=\"wp-block-separator has-alpha-channel-opacity\"\/>\n","protected":false},"excerpt":{"rendered":"<p>As a tradition, the OPD2026 program will include both the academy and&nbsp;industry&nbsp;sessions running in parallel. Venue (26 &#8211; 28 May 2026): PaviljonkiLutakonaukio 12, 40100 Jyv\u00e4skyl\u00e4Check the location in\u00a0Google Maps Tuesday 26.5.2026 Wednesday&nbsp;27.5.2026&nbsp;&nbsp; &nbsp; Thursday 28.5.2026&nbsp; OPD2026 organizer, Photonics Finland reserves the right to modify the program without prior notice.<\/p>\n","protected":false},"author":1,"featured_media":0,"parent":0,"menu_order":0,"comment_status":"closed","ping_status":"closed","template":"","meta":{"footnotes":""},"class_list":["post-230","page","type-page","status-publish","hentry","no-thumb"],"_links":{"self":[{"href":"https:\/\/www.photonics.fi\/opd2026\/wp-json\/wp\/v2\/pages\/230","targetHints":{"allow":["GET"]}}],"collection":[{"href":"https:\/\/www.photonics.fi\/opd2026\/wp-json\/wp\/v2\/pages"}],"about":[{"href":"https:\/\/www.photonics.fi\/opd2026\/wp-json\/wp\/v2\/types\/page"}],"author":[{"embeddable":true,"href":"https:\/\/www.photonics.fi\/opd2026\/wp-json\/wp\/v2\/users\/1"}],"replies":[{"embeddable":true,"href":"https:\/\/www.photonics.fi\/opd2026\/wp-json\/wp\/v2\/comments?post=230"}],"version-history":[{"count":38,"href":"https:\/\/www.photonics.fi\/opd2026\/wp-json\/wp\/v2\/pages\/230\/revisions"}],"predecessor-version":[{"id":3653,"href":"https:\/\/www.photonics.fi\/opd2026\/wp-json\/wp\/v2\/pages\/230\/revisions\/3653"}],"wp:attachment":[{"href":"https:\/\/www.photonics.fi\/opd2026\/wp-json\/wp\/v2\/media?parent=230"}],"curies":[{"name":"wp","href":"https:\/\/api.w.org\/{rel}","templated":true}]}}