{"id":58,"date":"2022-02-01T15:41:04","date_gmt":"2022-02-01T15:41:04","guid":{"rendered":"https:\/\/www.photonics.fi\/opd2022\/?page_id=58"},"modified":"2026-04-07T08:55:00","modified_gmt":"2026-04-07T08:55:00","slug":"venue","status":"publish","type":"page","link":"https:\/\/www.photonics.fi\/opd2026\/venue\/","title":{"rendered":"Venue"},"content":{"rendered":"\n<figure class=\"wp-block-gallery has-nested-images columns-default is-cropped wp-block-gallery-1 is-layout-flex wp-block-gallery-is-layout-flex\">\n<figure class=\"wp-block-image size-large\"><img loading=\"lazy\" decoding=\"async\" width=\"1024\" height=\"683\" data-id=\"2952\" src=\"https:\/\/www.photonics.fi\/opd2026\/wp-content\/uploads\/2025\/09\/paviljonki-tero-takalo-eskola-web-1024x683.jpg\" alt=\"\" class=\"wp-image-2952\" srcset=\"https:\/\/www.photonics.fi\/opd2026\/wp-content\/uploads\/2025\/09\/paviljonki-tero-takalo-eskola-web-1024x683.jpg 1024w, https:\/\/www.photonics.fi\/opd2026\/wp-content\/uploads\/2025\/09\/paviljonki-tero-takalo-eskola-web-300x200.jpg 300w, https:\/\/www.photonics.fi\/opd2026\/wp-content\/uploads\/2025\/09\/paviljonki-tero-takalo-eskola-web-768x512.jpg 768w, https:\/\/www.photonics.fi\/opd2026\/wp-content\/uploads\/2025\/09\/paviljonki-tero-takalo-eskola-web-1536x1024.jpg 1536w, https:\/\/www.photonics.fi\/opd2026\/wp-content\/uploads\/2025\/09\/paviljonki-tero-takalo-eskola-web-272x182.jpg 272w, https:\/\/www.photonics.fi\/opd2026\/wp-content\/uploads\/2025\/09\/paviljonki-tero-takalo-eskola-web.jpg 2048w\" sizes=\"auto, (max-width: 1024px) 100vw, 1024px\" \/><\/figure>\n\n\n\n<figure class=\"wp-block-image size-large\"><img loading=\"lazy\" decoding=\"async\" width=\"1024\" height=\"576\" data-id=\"2953\" src=\"https:\/\/www.photonics.fi\/opd2026\/wp-content\/uploads\/2025\/09\/Paviljonki-ala-aula-1024x576.png\" alt=\"\" class=\"wp-image-2953\" srcset=\"https:\/\/www.photonics.fi\/opd2026\/wp-content\/uploads\/2025\/09\/Paviljonki-ala-aula-1024x576.png 1024w, https:\/\/www.photonics.fi\/opd2026\/wp-content\/uploads\/2025\/09\/Paviljonki-ala-aula-300x169.png 300w, https:\/\/www.photonics.fi\/opd2026\/wp-content\/uploads\/2025\/09\/Paviljonki-ala-aula-768x432.png 768w, https:\/\/www.photonics.fi\/opd2026\/wp-content\/uploads\/2025\/09\/Paviljonki-ala-aula-1536x864.png 1536w, https:\/\/www.photonics.fi\/opd2026\/wp-content\/uploads\/2025\/09\/Paviljonki-ala-aula.png 1920w\" sizes=\"auto, (max-width: 1024px) 100vw, 1024px\" \/><figcaption class=\"wp-element-caption\">Paviljonki lobby<\/figcaption><\/figure>\n<\/figure>\n\n\n\n<h2 class=\"wp-block-heading\" id=\"solo-sokos-torni-hotel-in-tampere\">Paviljonki, Jyv\u00e4skyl\u00e4, Finland<\/h2>\n\n\n\n<p class=\"has-medium-font-size\"><strong>Conference Venue<\/strong>:<br><a href=\"https:\/\/www.paviljonki.fi\/en\/visitors\/\" data-type=\"link\" data-id=\"https:\/\/www.paviljonki.fi\/en\/visitors\/\" target=\"_blank\" rel=\"noreferrer noopener\">Paviljonki<\/a><br>Lutakonaukio 12<br>40100 Jyv\u00e4skyl\u00e4<br>Finland<br><br><strong>Accommodation<\/strong>:<br>Several options, please see <a href=\"https:\/\/www.photonics.fi\/opd2026\/accommodation\/\" target=\"_blank\" rel=\"noreferrer noopener\">HERE.<\/a><\/p>\n\n\n\n<p><\/p>\n\n\n\n<p class=\"has-medium-font-size\"><strong>Get Together Venue (Tuesday evening 26th May)<\/strong>:<br><a href=\"https:\/\/www.paviljonki.fi\/en\/visitors\/\" data-type=\"link\" data-id=\"https:\/\/www.paviljonki.fi\/en\/visitors\/\" target=\"_blank\" rel=\"noreferrer noopener\">Paviljonki<\/a>, Event Hall, 1st Floor<br>Lutakonaukio 12<br>40100 Jyv\u00e4skyl\u00e4<br>Finland<br><br><strong>Dinner and After Party Venue (Wednesday 27th May):<\/strong><br><a href=\"https:\/\/www.juurikkacatering.fi\/en\/\">Juurikka Catering Oy<\/a><br>Juurikantie 5<br>40900 S\u00e4yn\u00e4tsalo, Jyv\u00e4skyl\u00e4<br>Finland<\/p>\n\n\n\n<div style=\"height:30px\" aria-hidden=\"true\" class=\"wp-block-spacer\"><\/div>\n\n\n\n<figure class=\"wp-block-gallery has-nested-images columns-default is-cropped wp-block-gallery-2 is-layout-flex wp-block-gallery-is-layout-flex\">\n<figure class=\"wp-block-image size-full\"><img loading=\"lazy\" decoding=\"async\" width=\"1920\" height=\"1080\" data-id=\"3427\" src=\"https:\/\/www.photonics.fi\/opd2026\/wp-content\/uploads\/2026\/02\/OPD2026-map1.jpg\" alt=\"\" class=\"wp-image-3427\" srcset=\"https:\/\/www.photonics.fi\/opd2026\/wp-content\/uploads\/2026\/02\/OPD2026-map1.jpg 1920w, https:\/\/www.photonics.fi\/opd2026\/wp-content\/uploads\/2026\/02\/OPD2026-map1-300x169.jpg 300w, https:\/\/www.photonics.fi\/opd2026\/wp-content\/uploads\/2026\/02\/OPD2026-map1-1024x576.jpg 1024w, https:\/\/www.photonics.fi\/opd2026\/wp-content\/uploads\/2026\/02\/OPD2026-map1-768x432.jpg 768w, https:\/\/www.photonics.fi\/opd2026\/wp-content\/uploads\/2026\/02\/OPD2026-map1-1536x864.jpg 1536w\" sizes=\"auto, (max-width: 1920px) 100vw, 1920px\" \/><\/figure>\n\n\n\n<figure class=\"wp-block-image size-full\"><img loading=\"lazy\" decoding=\"async\" width=\"1920\" height=\"1080\" data-id=\"3428\" src=\"https:\/\/www.photonics.fi\/opd2026\/wp-content\/uploads\/2026\/02\/OPD2026-map2.jpg\" alt=\"\" class=\"wp-image-3428\" srcset=\"https:\/\/www.photonics.fi\/opd2026\/wp-content\/uploads\/2026\/02\/OPD2026-map2.jpg 1920w, https:\/\/www.photonics.fi\/opd2026\/wp-content\/uploads\/2026\/02\/OPD2026-map2-300x169.jpg 300w, https:\/\/www.photonics.fi\/opd2026\/wp-content\/uploads\/2026\/02\/OPD2026-map2-1024x576.jpg 1024w, https:\/\/www.photonics.fi\/opd2026\/wp-content\/uploads\/2026\/02\/OPD2026-map2-768x432.jpg 768w, https:\/\/www.photonics.fi\/opd2026\/wp-content\/uploads\/2026\/02\/OPD2026-map2-1536x864.jpg 1536w\" sizes=\"auto, (max-width: 1920px) 100vw, 1920px\" \/><\/figure>\n<\/figure>\n\n\n\n<p class=\"has-medium-font-size\"><br>Optics and Photonics Days will be held in Paviljonki, located right next to the Jyv\u00e4skyl\u00e4 Travel Centre, making it easily accessible by train, bus or car. Accommodation options are available right next to the venue and in the city centre.<\/p>\n\n\n\n<p class=\"has-medium-font-size\">OPD2026 venue offers easy access to both Academic, and Industry sessions, OPD Exhibition, Poster sessions, and for Coffee &amp; Lunch.<\/p>\n\n\n\n<p class=\"has-medium-font-size\">Traditional OPD dinner will take place on Wednesday 27th May at Juurikka Catering Oy, on a scenic island 20-minute drive from the main event venue. A free shuttle service is organized for OPD participants between Paviljonki and the dinner venue.<\/p>\n\n\n\n<div style=\"height:30px\" aria-hidden=\"true\" class=\"wp-block-spacer\"><\/div>\n\n\n\n<div class=\"wp-block-columns is-layout-flex wp-container-core-columns-is-layout-9d6595d7 wp-block-columns-is-layout-flex\">\n<div class=\"wp-block-column is-layout-flow wp-block-column-is-layout-flow\">\n<figure class=\"wp-block-image size-full is-resized\"><img loading=\"lazy\" decoding=\"async\" width=\"1872\" height=\"1248\" src=\"https:\/\/www.photonics.fi\/opd2026\/wp-content\/uploads\/2025\/09\/Paviljonki-Tempo1.jpg\" alt=\"\" class=\"wp-image-2955\" style=\"width:395px;height:222px\" srcset=\"https:\/\/www.photonics.fi\/opd2026\/wp-content\/uploads\/2025\/09\/Paviljonki-Tempo1.jpg 1872w, https:\/\/www.photonics.fi\/opd2026\/wp-content\/uploads\/2025\/09\/Paviljonki-Tempo1-300x200.jpg 300w, https:\/\/www.photonics.fi\/opd2026\/wp-content\/uploads\/2025\/09\/Paviljonki-Tempo1-1024x683.jpg 1024w, https:\/\/www.photonics.fi\/opd2026\/wp-content\/uploads\/2025\/09\/Paviljonki-Tempo1-768x512.jpg 768w, https:\/\/www.photonics.fi\/opd2026\/wp-content\/uploads\/2025\/09\/Paviljonki-Tempo1-1536x1024.jpg 1536w, https:\/\/www.photonics.fi\/opd2026\/wp-content\/uploads\/2025\/09\/Paviljonki-Tempo1-272x182.jpg 272w\" sizes=\"auto, (max-width: 1872px) 100vw, 1872px\" \/><figcaption class=\"wp-element-caption\">Academic and Industry sessions will be held in in the Intro &amp; Tempo auditoriums<\/figcaption><\/figure>\n<\/div>\n\n\n\n<div class=\"wp-block-column is-layout-flow wp-block-column-is-layout-flow\">\n<figure class=\"wp-block-image size-full is-resized\"><img loading=\"lazy\" decoding=\"async\" width=\"2560\" height=\"1707\" src=\"https:\/\/www.photonics.fi\/opd2026\/wp-content\/uploads\/2025\/09\/IMG_9593-scaled-1.jpg\" alt=\"\" class=\"wp-image-2956\" style=\"width:401px;height:223px\" srcset=\"https:\/\/www.photonics.fi\/opd2026\/wp-content\/uploads\/2025\/09\/IMG_9593-scaled-1.jpg 2560w, https:\/\/www.photonics.fi\/opd2026\/wp-content\/uploads\/2025\/09\/IMG_9593-scaled-1-300x200.jpg 300w, https:\/\/www.photonics.fi\/opd2026\/wp-content\/uploads\/2025\/09\/IMG_9593-scaled-1-1024x683.jpg 1024w, https:\/\/www.photonics.fi\/opd2026\/wp-content\/uploads\/2025\/09\/IMG_9593-scaled-1-768x512.jpg 768w, https:\/\/www.photonics.fi\/opd2026\/wp-content\/uploads\/2025\/09\/IMG_9593-scaled-1-1536x1024.jpg 1536w, https:\/\/www.photonics.fi\/opd2026\/wp-content\/uploads\/2025\/09\/IMG_9593-scaled-1-2048x1366.jpg 2048w, https:\/\/www.photonics.fi\/opd2026\/wp-content\/uploads\/2025\/09\/IMG_9593-scaled-1-272x182.jpg 272w\" sizes=\"auto, (max-width: 2560px) 100vw, 2560px\" \/><figcaption class=\"wp-element-caption\">OPD dinner will take place at the scenic Juurikkasaari island<\/figcaption><\/figure>\n<\/div>\n<\/div>\n\n\n\n<div style=\"height:41px\" aria-hidden=\"true\" class=\"wp-block-spacer\"><\/div>\n\n\n\n<iframe src=\"https:\/\/www.google.com\/maps\/embed?pb=!1m18!1m12!1m3!1d1858.3194375732444!2d25.752852235243754!3d62.240229513041044!2m3!1f0!2f0!3f0!3m2!1i1024!2i768!4f13.1!3m3!1m2!1s0x46857411ca2d9fbb%3A0x95e46a3d25f88a61!2sPaviljonki!5e0!3m2!1sfi!2sfi!4v1758185458524!5m2!1sfi!2sfi\" width=\"600\" height=\"450\" style=\"border:0;\" allowfullscreen=\"\" loading=\"lazy\" referrerpolicy=\"no-referrer-when-downgrade\"><\/iframe>\n","protected":false},"excerpt":{"rendered":"<p>Paviljonki, Jyv\u00e4skyl\u00e4, Finland Conference Venue:PaviljonkiLutakonaukio 1240100 Jyv\u00e4skyl\u00e4Finland Accommodation:Several options, please see HERE. Get Together Venue (Tuesday evening 26th May):Paviljonki, Event Hall, 1st FloorLutakonaukio 1240100 Jyv\u00e4skyl\u00e4Finland Dinner and After Party Venue (Wednesday 27th May):Juurikka Catering OyJuurikantie 540900 S\u00e4yn\u00e4tsalo, Jyv\u00e4skyl\u00e4Finland Optics and Photonics Days will be held in Paviljonki, located right next to the Jyv\u00e4skyl\u00e4 Travel Centre,Continue reading &rarr;<\/p>\n","protected":false},"author":1,"featured_media":0,"parent":0,"menu_order":0,"comment_status":"closed","ping_status":"closed","template":"","meta":{"footnotes":""},"class_list":["post-58","page","type-page","status-publish","hentry","no-thumb"],"_links":{"self":[{"href":"https:\/\/www.photonics.fi\/opd2026\/wp-json\/wp\/v2\/pages\/58","targetHints":{"allow":["GET"]}}],"collection":[{"href":"https:\/\/www.photonics.fi\/opd2026\/wp-json\/wp\/v2\/pages"}],"about":[{"href":"https:\/\/www.photonics.fi\/opd2026\/wp-json\/wp\/v2\/types\/page"}],"author":[{"embeddable":true,"href":"https:\/\/www.photonics.fi\/opd2026\/wp-json\/wp\/v2\/users\/1"}],"replies":[{"embeddable":true,"href":"https:\/\/www.photonics.fi\/opd2026\/wp-json\/wp\/v2\/comments?post=58"}],"version-history":[{"count":67,"href":"https:\/\/www.photonics.fi\/opd2026\/wp-json\/wp\/v2\/pages\/58\/revisions"}],"predecessor-version":[{"id":3655,"href":"https:\/\/www.photonics.fi\/opd2026\/wp-json\/wp\/v2\/pages\/58\/revisions\/3655"}],"wp:attachment":[{"href":"https:\/\/www.photonics.fi\/opd2026\/wp-json\/wp\/v2\/media?parent=58"}],"curies":[{"name":"wp","href":"https:\/\/api.w.org\/{rel}","templated":true}]}}